{"id":40841,"date":"2023-01-25T14:27:02","date_gmt":"2023-01-25T13:27:02","guid":{"rendered":"https:\/\/www.mandarine.academy\/legal-notice\/"},"modified":"2025-08-22T11:25:10","modified_gmt":"2025-08-22T09:25:10","slug":"legal-notice","status":"publish","type":"page","link":"https:\/\/www.mandarine.academy\/en\/legal-notice\/","title":{"rendered":"Legal Notice"},"content":{"rendered":"\n<h2 class=\"wp-block-heading\">1 \u2013 Website Editing<\/h2>\n\n<p><a href=\"https:\/\/www.legifrance.gouv.fr\/affichTexte.do?cidTexte=JORFTEXT000000801164#LEGIARTI000042038977\" target=\"_blank\" rel=\"noreferrer noopener\">Pursuant to Article 6 of French Law no. 2004-575 of 21 June 2004<\/a> on Confidence in the Digital Economy, users of the website <strong>https:\/\/www.mandarine.academy<\/strong> are informed of the identity of the various parties involved in its creation and maintenance:<\/p>\n\n<p><strong>Website Owner<\/strong>: MANDARINE BUSINESS SCHOOL (MANDARINE ACADEMY) \u2013 Contact: information[at]mandarine.academy | +33 (0)3 20 25 71 70 \u2013 Address: 1 bis rue de Versailles, 59650 Villeneuve d\u2019Ascq, France.<\/p>\n\n<p><strong>Company Identification<\/strong>: SAS MANDARINE BUSINESS SCHOOL (MANDARINE ACADEMY) with a share capital of \u20ac33,610.00 \u2013 SIREN: 501 728 752 \u2013 RCS: RCS Lille M\u00e9tropole 501 728 752 00038 \u2013 Registered address: 1 bis rue de Versailles, 59650 Villeneuve d\u2019Ascq, France \u2013 General Terms and Conditions of Sale<\/p>\n\n<p><strong>Publication Directo<\/strong>r: Laurent Maurer \u2013 Contact: information[at]mandarine.academy<\/p>\n\n<p><strong>Hosting Provider<\/strong>: OVH SAS \u2013 2 rue Kellermann \u2013 BP 80157 \u2013 59053 Roubaix Cedex 1, France \u2013 Phone: 1007<\/p>\n\n<p><strong>Data Protection Officer (DPO)<\/strong>: Laurent Maurer \u2013 information[at]mandarine.academy<\/p>\n\n<p><strong>Other Contributors:<\/strong><\/p>\n\n<hr class=\"wp-block-separator has-alpha-channel-opacity\" \/>\n\n<h2 class=\"wp-block-heading\">2 \u2013 Intellectual Property and Counterfeiting<\/h2>\n\n<p><strong>MANDARINE BUSINESS SCHOOL (MANDARINE ACADEMY)<\/strong> owns the intellectual property rights and holds the rights of use for all elements available on the website, including texts, images, graphics, logos, videos, structure, icons, and sounds.<\/p>\n\n<p>Any reproduction, representation, modification, publication, or adaptation of all or part of the site\u2019s elements, regardless of the means or process used, is prohibited without prior written authorization from <strong>MANDARINE BUSINESS SCHOOL (MANDARINE ACADEMY).<\/strong><\/p>\n\n<p>Any unauthorized use of the website or of any of its elements will be considered an infringement and prosecuted in accordance with Articles L.335-2 and<a href=\"https:\/\/www.legifrance.gouv.fr\/affichCodeArticle.do?idArticle=LEGIARTI000032655082&amp;cidTexte=LEGITEXT000006069414&amp;dateTexte=20160605\" target=\"_blank\" rel=\"noreferrer noopener\"> following of the French Intellectual Property Code<\/a>.<\/p>\n\n<hr class=\"wp-block-separator has-alpha-channel-opacity\" \/>\n\n<h2 class=\"wp-block-heading\">3 \u2013 Limitations of Liability<\/h2>\n\n<p><strong>MANDARINE BUSINESS SCHOOL (MANDARINE ACADEMY)<\/strong> cannot be held liable for any direct or indirect damage caused to the user\u2019s equipment when accessing<strong> the website https:\/\/www.mandarine.academy.<\/strong><\/p>\n\n<p><strong>MANDARINE BUSINESS SCHOOL (MANDARINE ACADEMY)<\/strong> disclaims any liability for the use that may be made of the information and content available on<strong> https:\/\/www.mandarine.academy.<\/strong><\/p>\n\n<p><strong>MANDARINE BUSINESS SCHOOL (MANDARINE ACADEMY)<\/strong> is committed to securing the website <strong>https:\/\/www.mandarine.academy<\/strong> to the best of its ability. However, it cannot be held liable if unwanted data is imported and installed on the site without its knowledge.<\/p>\n\n<p>Interactive spaces (contact or comment sections) are available to users. <strong>MANDARINE BUSINESS SCHOOL (MANDARINE ACADEMY)<\/strong> reserves the right to remove, without prior notice, any content posted in these spaces that violates applicable French legislation, particularly provisions relating to data protection.<\/p>\n\n<p>Where applicable, <strong>MANDARINE BUSINESS SCHOOL (MANDARINE ACADEMY)<\/strong> also reserves the right to hold the user civilly and\/or criminally liable, particularly in the event of messages that are racist, offensive, defamatory, or pornographic in nature, regardless of the medium used (text, photographs, etc.).<\/p>\n\n<hr class=\"wp-block-separator has-alpha-channel-opacity\" \/>\n\n<h2 class=\"wp-block-heading\">CNIL and Personal Data Management<\/h2>\n\n<p>In accordance with the provisions of <a href=\"https:\/\/www.legifrance.gouv.fr\/affichTexte.do?cidTexte=JORFTEXT000000886460\" target=\"_blank\" rel=\"noreferrer noopener\">French Law No. 78-17 of 6 January 1978<\/a>, as amended, users of the website <strong>https:\/\/www.mandarine.academy<\/strong> have the right to access, rectify, and delete the information collected. To exercise this right, please contact our Data Protection Officer: <strong>Laurent Maurer<\/strong> \u2013 <strong>information[at]mandarine.academy.<\/strong> <\/p>\n\n<p>For more information on how we process your data (type of data, purpose, recipients, etc.), <strong>please read our Privacy Policy.<\/strong> <\/p>\n\n<hr class=\"wp-block-separator has-alpha-channel-opacity\" \/>\n\n<h2 class=\"wp-block-heading\">5 \u2013 Hyperlinks and Cookies<\/h2>\n\n<p>The website<strong> https:\/\/www.mandarine.academy <\/strong>contains hyperlinks to other websites and accepts no responsibility for these external links or for links created by other websites pointing to <strong>https:\/\/www.mandarine.academy.<\/strong><\/p>\n\n<p>Browsing the website <strong>https:\/\/www.mandarine.academy<\/strong> may result in cookies being installed on the user\u2019s computer.sateur.<\/p>\n\n<p>A \u201ccookie\u201d is a small file that records information about a user\u2019s browsing activity on a website. The data collected in this way can, for example, be used to measure website traffic. <\/p>\n\n<p>You can choose to <strong>accept or refuse cookies<\/strong> by modifying your browser settings. No cookies will be stored without your consent. <\/p>\n\n<p>Cookies are stored for a maximum period of 12 months.<\/p>\n\n<p>For more information on how we use cookies, please <strong>read our Cookies Policy.<\/strong><\/p>\n\n<hr class=\"wp-block-separator has-alpha-channel-opacity\" \/>\n\n<h2 class=\"wp-block-heading\">6 \u2013 Applicable Law and Jurisdiction<\/h2>\n\n<p>Any dispute related to the use of the website <strong>https:\/\/www.mandarine.academy<\/strong> is governed by French law. Except where the law does not allow, exclusive jurisdiction is granted to the <strong>competent courts of Lille.<\/strong> <\/p>\n","protected":false},"excerpt":{"rendered":"<p>1 \u2013 Website Editing Pursuant to Article 6 of French Law no. 2004-575 of 21 June 2004 on Confidence in the Digital Economy, users of the website https:\/\/www.mandarine.academy are informed of the identity of the various parties involved in its creation and maintenance: Website Owner: MANDARINE BUSINESS SCHOOL (MANDARINE ACADEMY) \u2013 Contact: information[at]mandarine.academy | +33&#8230;<\/p>\n","protected":false},"author":18,"featured_media":0,"parent":0,"menu_order":0,"comment_status":"closed","ping_status":"closed","template":"elementor_theme","meta":{"_acf_changed":false,"om_disable_all_campaigns":false,"footnotes":""},"class_list":["post-40841","page","type-page","status-publish","hentry","no-post-thumbnail"],"acf":[],"yoast_head":"<!-- This site is optimized with the Yoast SEO Premium plugin v27.2 (Yoast SEO v27.3) - https:\/\/yoast.com\/product\/yoast-seo-premium-wordpress\/ -->\n<title>Legal Notice - Mandarine Academy<\/title>\n<meta name=\"description\" content=\"Please refer to Mandarine Academy\u2019s legal notice for all legal information regarding our website and services.\" \/>\n<meta name=\"robots\" content=\"index, follow, max-snippet:-1, max-image-preview:large, max-video-preview:-1\" \/>\n<link rel=\"canonical\" href=\"https:\/\/www.mandarine.academy\/en\/legal-notice\/\" \/>\n<meta property=\"og:locale\" content=\"en_US\" \/>\n<meta property=\"og:type\" content=\"article\" \/>\n<meta property=\"og:title\" content=\"Legal Notice\" \/>\n<meta property=\"og:description\" content=\"Please refer to Mandarine Academy\u2019s legal notice for all legal information regarding our website and services.\" \/>\n<meta property=\"og:url\" content=\"https:\/\/www.mandarine.academy\/en\/legal-notice\/\" \/>\n<meta property=\"og:site_name\" content=\"Mandarine Academy\" \/>\n<meta property=\"article:modified_time\" content=\"2025-08-22T09:25:10+00:00\" \/>\n<meta name=\"twitter:card\" content=\"summary_large_image\" \/>\n<meta name=\"twitter:site\" content=\"@Mandarine_Aca\" \/>\n<meta name=\"twitter:label1\" content=\"Est. reading time\" \/>\n\t<meta name=\"twitter:data1\" content=\"3 minutes\" \/>\n<!-- \/ Yoast SEO Premium plugin. -->","yoast_head_json":{"title":"Legal Notice - Mandarine Academy","description":"Please refer to Mandarine Academy\u2019s legal notice for all legal information regarding our website and services.","robots":{"index":"index","follow":"follow","max-snippet":"max-snippet:-1","max-image-preview":"max-image-preview:large","max-video-preview":"max-video-preview:-1"},"canonical":"https:\/\/www.mandarine.academy\/en\/legal-notice\/","og_locale":"en_US","og_type":"article","og_title":"Legal Notice","og_description":"Please refer to Mandarine Academy\u2019s legal notice for all legal information regarding our website and services.","og_url":"https:\/\/www.mandarine.academy\/en\/legal-notice\/","og_site_name":"Mandarine Academy","article_modified_time":"2025-08-22T09:25:10+00:00","twitter_card":"summary_large_image","twitter_site":"@Mandarine_Aca","twitter_misc":{"Est. reading time":"3 minutes"},"schema":{"@context":"https:\/\/schema.org","@graph":[{"@type":"WebPage","@id":"https:\/\/www.mandarine.academy\/en\/legal-notice\/","url":"https:\/\/www.mandarine.academy\/en\/legal-notice\/","name":"Legal Notice - Mandarine Academy","isPartOf":{"@id":"https:\/\/www.mandarine.academy\/en\/#website"},"datePublished":"2023-01-25T13:27:02+00:00","dateModified":"2025-08-22T09:25:10+00:00","description":"Please refer to Mandarine Academy\u2019s legal notice for all legal information regarding our website and services.","breadcrumb":{"@id":"https:\/\/www.mandarine.academy\/en\/legal-notice\/#breadcrumb"},"inLanguage":"en-US","potentialAction":[{"@type":"ReadAction","target":["https:\/\/www.mandarine.academy\/en\/legal-notice\/"]}]},{"@type":"BreadcrumbList","@id":"https:\/\/www.mandarine.academy\/en\/legal-notice\/#breadcrumb","itemListElement":[{"@type":"ListItem","position":1,"name":"Accueil","item":"https:\/\/www.mandarine.academy\/en\/"},{"@type":"ListItem","position":2,"name":"Legal Notice"}]},{"@type":"WebSite","@id":"https:\/\/www.mandarine.academy\/en\/#website","url":"https:\/\/www.mandarine.academy\/en\/","name":"Mandarine Academy","description":"Des catalogues de formation pr\u00eats \u00e0 l&#039;emploi pour vos \u00e9quipes","publisher":{"@id":"https:\/\/www.mandarine.academy\/en\/#organization"},"potentialAction":[{"@type":"SearchAction","target":{"@type":"EntryPoint","urlTemplate":"https:\/\/www.mandarine.academy\/en\/?s={search_term_string}"},"query-input":{"@type":"PropertyValueSpecification","valueRequired":true,"valueName":"search_term_string"}}],"inLanguage":"en-US"},{"@type":"Organization","@id":"https:\/\/www.mandarine.academy\/en\/#organization","name":"Mandarine Academy","alternateName":"Mandarine Academy Business School","url":"https:\/\/www.mandarine.academy\/en\/","logo":{"@type":"ImageObject","inLanguage":"en-US","@id":"https:\/\/www.mandarine.academy\/en\/#\/schema\/logo\/image\/","url":"https:\/\/www.mandarine.academy\/wp-content\/uploads\/2024\/08\/Logo-mandarine-academy.png","contentUrl":"https:\/\/www.mandarine.academy\/wp-content\/uploads\/2024\/08\/Logo-mandarine-academy.png","width":4058,"height":1475,"caption":"Mandarine Academy"},"image":{"@id":"https:\/\/www.mandarine.academy\/en\/#\/schema\/logo\/image\/"},"sameAs":["https:\/\/x.com\/Mandarine_Aca","https:\/\/www.linkedin.com\/company\/mandarine-academy","https:\/\/www.youtube.com\/@MandarineLearn"],"email":"information@mandarine.academy","legalName":"Mandarine Business School","foundingDate":"2008-01-01","vatID":"FR20501728752","taxID":"50172875200038","leiCode":"969500UDB4W6GSC6Y733","numberOfEmployees":{"@type":"QuantitativeValue","minValue":"11","maxValue":"50"}}]}},"_links":{"self":[{"href":"https:\/\/www.mandarine.academy\/en\/wp-json\/wp\/v2\/pages\/40841","targetHints":{"allow":["GET"]}}],"collection":[{"href":"https:\/\/www.mandarine.academy\/en\/wp-json\/wp\/v2\/pages"}],"about":[{"href":"https:\/\/www.mandarine.academy\/en\/wp-json\/wp\/v2\/types\/page"}],"author":[{"embeddable":true,"href":"https:\/\/www.mandarine.academy\/en\/wp-json\/wp\/v2\/users\/18"}],"replies":[{"embeddable":true,"href":"https:\/\/www.mandarine.academy\/en\/wp-json\/wp\/v2\/comments?post=40841"}],"version-history":[{"count":0,"href":"https:\/\/www.mandarine.academy\/en\/wp-json\/wp\/v2\/pages\/40841\/revisions"}],"wp:attachment":[{"href":"https:\/\/www.mandarine.academy\/en\/wp-json\/wp\/v2\/media?parent=40841"}],"curies":[{"name":"wp","href":"https:\/\/api.w.org\/{rel}","templated":true}]}}